{"id":332,"date":"2018-10-15T01:46:10","date_gmt":"2018-10-14T23:46:10","guid":{"rendered":"https:\/\/www.armexglobal.com\/?page_id=332\/"},"modified":"2019-10-24T21:38:27","modified_gmt":"2019-10-24T19:38:27","slug":"homepage","status":"publish","type":"page","link":"https:\/\/www.armexglobal.com\/en\/","title":{"rendered":"Homepage"},"content":{"rendered":"<p>[vc_row][vc_column][vc_raw_html]JTNDcCUzRUklMjBhbSUyMHJhdyUyMGh0bWwlMjBibG9jay4lM0NiciUyRiUzRUNsaWNrJTIwZWRpdCUyMGJ1dHRvbiUyMHRvJTIwY2hhbmdlJTIwdGhpcyUyMGh0bWwlM0MlMkZwJTNF[\/vc_raw_html][\/vc_column][\/vc_row]<\/p>\n","protected":false},"excerpt":{"rendered":"<p>[vc_row][vc_column][vc_raw_html]JTNDcCUzRUklMjBhbSUyMHJhdyUyMGh0bWwlMjBibG9jay4lM0NiciUyRiUzRUNsaWNrJTIwZWRpdCUyMGJ1dHRvbiUyMHRvJTIwY2hhbmdlJTIwdGhpcyUyMGh0bWwlM0MlMkZwJTNF[\/vc_raw_html][\/vc_column][\/vc_row]<\/p>\n","protected":false},"author":1,"featured_media":0,"parent":0,"menu_order":0,"comment_status":"closed","ping_status":"closed","template":"page-templates\/textPageTiles.php","meta":{"footnotes":""},"class_list":["post-332","page","type-page","status-publish","hentry"],"acf":{"groupTestemonials":{"textTitle":"Tahle o n\u00e1s mluv\u00ed na\u0161i z\u00e1kazn\u00edci ","repeaterTestemonials":[{"textName":"Milo\u0161 Hud\u00edk, MBA","textMoreInfo":"Majitel firmy Amispol","textArea":"Velk\u00e9 B\u0159ezno","textQuote":"M\u00e1m dobr\u00e9 vztahy s lidmi z Armexu, v\u00edm \u017ee se o m\u011b v\u017edy postaraj\u00ed, kdy\u017e pot\u0159ebuji. D\u00edky velk\u00fdm odb\u011br\u016fm m\u00e1m i suprov\u00e9 ceny energi\u00ed pro moj\u00ed firmu Amispol.","picturePhoto":false,"pictureSignature":false}]},"isActive_testimonials":true,"isActive_advantages":true,"groupAdvantages":{"textTitle":"Pro\u010d elekt\u0159inu a plyn od ARMEX ENERGY?","imageBanner":false,"linkBanner":{"boolInternal":false,"linkInternal":false,"linkExternal":"https:\/\/twig.symfony.com\/doc\/2.x\/tags\/if.html"},"repeaterAdvantages":[{"textTitle":"V\u00fdhoda energie od Armexu ","textDescription":"Lorem ipsum dolor sit amet, consectetur adipiscing elit tellus arcu, factus elementum vel felis a, facilisis facilisis justo sagittis mauris libero, in varius ipsum fringilla vel. purus vel libero tincidunt volutpat. Phasellus fringilla. "},{"textTitle":"V\u00fdhoda energie od Armexu ","textDescription":"Lorem ipsum dolor sit amet, consectetur adipiscing elit tellus arcu, factus elementum vel felis a, facilisis facilisis justo sagittis mauris libero, in varius ipsum fringilla vel. purus vel libero tincidunt volutpat. Phasellus fringilla. "},{"textTitle":"V\u00fdhoda energie od Armexu ","textDescription":"Lorem ipsum dolor sit amet, consectetur adipiscing elit tellus arcu, factus elementum vel felis a, facilisis facilisis justo sagittis mauris libero, in varius ipsum fringilla vel. purus vel libero tincidunt volutpat. Phasellus fringilla. "}]},"isActive_mainTitle":true,"textMainTitle":"Electricity and gas from neighbourhood","isActive_topBanners":true,"groupTopBanners":{"imageMobile":{"ID":225,"id":225,"title":"bannerPhone","filename":"bannerphone.jpg","filesize":48334,"url":"https:\/\/www.armexglobal.com\/wp-content\/uploads\/2018\/10\/bannerphone.jpg","link":"https:\/\/www.armexglobal.com\/homepage\/bannerphone\/","alt":"","author":"1","description":"","caption":"","name":"bannerphone","status":"inherit","uploaded_to":14,"date":"2018-10-05 23:58:05","modified":"2019-02-17 05:14:48","menu_order":0,"mime_type":"image\/jpeg","type":"image","subtype":"jpeg","icon":"https:\/\/www.armexglobal.com\/wp-includes\/images\/media\/default.png","width":992,"height":345,"sizes":{"thumbnail":"https:\/\/www.armexglobal.com\/wp-content\/uploads\/2018\/10\/bannerphone-150x150.jpg","thumbnail-width":150,"thumbnail-height":150,"medium":"https:\/\/www.armexglobal.com\/wp-content\/uploads\/2018\/10\/bannerphone-300x104.jpg","medium-width":300,"medium-height":104,"medium_large":"https:\/\/www.armexglobal.com\/wp-content\/uploads\/2018\/10\/bannerphone-768x267.jpg","medium_large-width":768,"medium_large-height":267,"large":"https:\/\/www.armexglobal.com\/wp-content\/uploads\/2018\/10\/bannerphone.jpg","large-width":992,"large-height":345,"1536x1536":"https:\/\/www.armexglobal.com\/wp-content\/uploads\/2018\/10\/bannerphone.jpg","1536x1536-width":992,"1536x1536-height":345,"2048x2048":"https:\/\/www.armexglobal.com\/wp-content\/uploads\/2018\/10\/bannerphone.jpg","2048x2048-width":992,"2048x2048-height":345,"testimonialMiniature":"https:\/\/www.armexglobal.com\/wp-content\/uploads\/2018\/10\/bannerphone-450x345.jpg","testimonialMiniature-width":450,"testimonialMiniature-height":345,"bannerMiniature":"https:\/\/www.armexglobal.com\/wp-content\/uploads\/2018\/10\/bannerphone-350x345.jpg","bannerMiniature-width":350,"bannerMiniature-height":345,"employeeMiniature":"https:\/\/www.armexglobal.com\/wp-content\/uploads\/2018\/10\/bannerphone-80x80.jpg","employeeMiniature-width":80,"employeeMiniature-height":80,"directorMiniature":"https:\/\/www.armexglobal.com\/wp-content\/uploads\/2018\/10\/bannerphone-535x345.jpg","directorMiniature-width":535,"directorMiniature-height":345}},"imageLeft":{"ID":226,"id":226,"title":"bannerElektrina","filename":"bannerelektrina.jpg","filesize":54739,"url":"https:\/\/www.armexglobal.com\/wp-content\/uploads\/2018\/10\/bannerelektrina.jpg","link":"https:\/\/www.armexglobal.com\/homepage\/bannerelektrina\/","alt":"","author":"1","description":"","caption":"","name":"bannerelektrina","status":"inherit","uploaded_to":14,"date":"2018-10-05 23:58:16","modified":"2018-10-05 23:58:16","menu_order":0,"mime_type":"image\/jpeg","type":"image","subtype":"jpeg","icon":"https:\/\/www.armexglobal.com\/wp-includes\/images\/media\/default.png","width":1440,"height":500,"sizes":{"thumbnail":"https:\/\/www.armexglobal.com\/wp-content\/uploads\/2018\/10\/bannerelektrina-150x150.jpg","thumbnail-width":150,"thumbnail-height":150,"medium":"https:\/\/www.armexglobal.com\/wp-content\/uploads\/2018\/10\/bannerelektrina-300x104.jpg","medium-width":300,"medium-height":104,"medium_large":"https:\/\/www.armexglobal.com\/wp-content\/uploads\/2018\/10\/bannerelektrina-768x267.jpg","medium_large-width":768,"medium_large-height":267,"large":"https:\/\/www.armexglobal.com\/wp-content\/uploads\/2018\/10\/bannerelektrina-1024x356.jpg","large-width":1024,"large-height":356,"1536x1536":"https:\/\/www.armexglobal.com\/wp-content\/uploads\/2018\/10\/bannerelektrina.jpg","1536x1536-width":1440,"1536x1536-height":500,"2048x2048":"https:\/\/www.armexglobal.com\/wp-content\/uploads\/2018\/10\/bannerelektrina.jpg","2048x2048-width":1440,"2048x2048-height":500,"testimonialMiniature":"https:\/\/www.armexglobal.com\/wp-content\/uploads\/2018\/10\/bannerelektrina-450x450.jpg","testimonialMiniature-width":450,"testimonialMiniature-height":450,"bannerMiniature":"https:\/\/www.armexglobal.com\/wp-content\/uploads\/2018\/10\/bannerelektrina-350x350.jpg","bannerMiniature-width":350,"bannerMiniature-height":350,"employeeMiniature":"https:\/\/www.armexglobal.com\/wp-content\/uploads\/2018\/10\/bannerelektrina-80x80.jpg","employeeMiniature-width":80,"employeeMiniature-height":80,"directorMiniature":"https:\/\/www.armexglobal.com\/wp-content\/uploads\/2018\/10\/bannerelektrina-535x400.jpg","directorMiniature-width":535,"directorMiniature-height":400}},"imageRight":false,"textTitleLeft":"Elekt\u0159ina","textTitleRight":"Zemn\u00ed plyn","textLeftDescription":"Mysl\u00edte si, \u017ee na energi\u00edch ji\u017e v\u00edc u\u0161et\u0159it nem\u016f\u017eete? ","textRightDescription":"Hled\u00e1te nov\u00e9ho dodavatele zemn\u00edho plynu? Zkuste to s n\u00e1mi. ","textLeftButton":"Zj\u00edstit v\u00edce","textRightButton":"Zj\u00edstit v\u00edce","linkLeftButton":{"boolInternal":true,"linkInternal":18,"linkExternal":"https:\/\/timber.github.io\/docs\/guides\/cookbook-images\/"},"linkRightButton":{"boolInternal":true,"linkInternal":16,"linkExternal":"https:\/\/twig.symfony.com\/doc\/2.x\/tags\/if.html"}},"isActive_contactPhone":true,"groupContactPhone":{"textTitle":"M\u00e1te z\u00e1jem o elekt\u0159inu nebo plyn ze sousedstv\u00ed?","textSubTitle":"Nechte n\u00e1m na v\u00e1s telefon a my se v\u00e1m ozveme!","shortcodeContact":102},"isActive_map":true,"isActive_priceList":true,"groupPriceList":{"textTitle":"Kolik stoj\u00ed energie ze sousedstv\u00ed?","textButton":"St\u00e1hnout cen\u00edk Armex Energy","linkButton":{"boolInternal":false,"linkInternal":225,"linkExternal":"https:\/\/armexenergy.cz\/data\/ke-stazeni\/Cenik\/2018\/AE_Cenik_NN-D_2018_10_CEZ.pdf"}},"isActive_newsSnippets":true,"groupNewsSnippets":{"textTitle":"Novinky ze sousedstv\u00ed","setupAutomaticMiniatures":{"boolInternal":true,"linkExternal":[313,308,312]}}},"_links":{"self":[{"href":"https:\/\/www.armexglobal.com\/en\/wp-json\/wp\/v2\/pages\/332"}],"collection":[{"href":"https:\/\/www.armexglobal.com\/en\/wp-json\/wp\/v2\/pages"}],"about":[{"href":"https:\/\/www.armexglobal.com\/en\/wp-json\/wp\/v2\/types\/page"}],"author":[{"embeddable":true,"href":"https:\/\/www.armexglobal.com\/en\/wp-json\/wp\/v2\/users\/1"}],"replies":[{"embeddable":true,"href":"https:\/\/www.armexglobal.com\/en\/wp-json\/wp\/v2\/comments?post=332"}],"version-history":[{"count":3,"href":"https:\/\/www.armexglobal.com\/en\/wp-json\/wp\/v2\/pages\/332\/revisions"}],"predecessor-version":[{"id":3891,"href":"https:\/\/www.armexglobal.com\/en\/wp-json\/wp\/v2\/pages\/332\/revisions\/3891"}],"wp:attachment":[{"href":"https:\/\/www.armexglobal.com\/en\/wp-json\/wp\/v2\/media?parent=332"}],"curies":[{"name":"wp","href":"https:\/\/api.w.org\/{rel}","templated":true}]}}